{"id":1002,"date":"2024-03-21T22:21:32","date_gmt":"2024-03-21T22:21:32","guid":{"rendered":"https:\/\/gtec.com.mx\/?page_id=1002"},"modified":"2024-06-27T21:52:28","modified_gmt":"2024-06-27T21:52:28","slug":"modernizacion-digital","status":"publish","type":"page","link":"https:\/\/gtec.com.mx\/index.php\/modernizacion-digital\/","title":{"rendered":"Landing Modernizaci\u00f3n"},"content":{"rendered":"<p><span><a href=\"https:\/\/gtec.com.mx\/\"><img loading=\"lazy\" decoding=\"async\" alt=\"Gtec_Logo_JPG\" data-id=\"824\" width=\"227\" data-init-width=\"1200\" height=\"72\" data-init-height=\"382\" title=\"GTECLOGO1\" src=\"https:\/\/gtec.com.mx\/wp-content\/uploads\/2024\/03\/GTECLOGO1.png\" data-width=\"227\" data-height=\"72\" style=\"aspect-ratio: auto 1200 \/ 382;\" data-link-wrap=\"true\"><\/a><\/span><span><img decoding=\"async\" alt=\"\" data-id=\"957\" width=\"136\" data-init-width=\"136\" height=\"64\" data-init-height=\"64\" title=\"lema gtec\" loading=\"lazy\" src=\"https:\/\/gtec.com.mx\/wp-content\/uploads\/2024\/03\/gtec-slogan.png\" data-width=\"136\" data-height=\"64\" style=\"aspect-ratio: auto 136 \/ 64;\"><\/span><\/p>\n<h1 style=\"text-align: center;\"><strong>Modernizaci\u00f3n digital&nbsp;<\/strong><strong>de aplicaciones<\/strong><\/h1>\n<h1 style=\"text-align: center;\">Servicios a la medida&nbsp;<\/h1>\n<h3 style=\"text-align: center;\">Brindamos&nbsp;<span style=\"--tcb-applied-color: var$(--tcb-color-3) !important; color: var(--tcb-color-3) !important;\">servicios especializados<\/span> &nbsp;para potenciar tu transformaci\u00f3n digital.<\/h3>\n<h2 style=\"text-align: center;\"><strong><span>Inicia tu proyecto de modernizaci\u00f3n digital con Gtec<\/span><\/strong><\/h2>\n<h2><\/h2>\n<h2 style=\"text-align: center;\"><strong><span style=\"\"><span style=\"\">Solicita una consulta sin compromiso<\/span><\/span><\/strong><\/h2>\n<h3 style=\"\"><strong><span style=\"\"><span style=\"\">En Gtec&nbsp; <\/span><\/span><span style=\"\"><span style=\"\">convertimos tu visi\u00f3n en aplicaciones digitales avanzadas y escalables.<\/span><\/span><\/strong><\/h3>\n<h2 style=\"\">Con m\u00e1s de dos d\u00e9cadas de experiencia en desarrollo de software, nuestra metodolog\u00eda garantiza soluciones personalizadas que impulsan tu crecimiento.<\/h2>\n<h3 style=\"text-align: center;\"><strong>Si buscas un socio estrat\u00e9gico que comprenda la importancia de evolucionar y adaptarse en el mundo digital, contacta a Gtec.<\/strong><\/h3>\n<h2 style=\"\"><strong>\u00bfPor qu\u00e9 tu empresa necesita la modernizaci\u00f3n de aplicaciones?<\/strong><\/h2>\n<p>Puedes llevar tu negocio al siguiente nivel con soluciones tecnol\u00f3gicas avanzadas y personalizadas que te ayudar\u00e1n a lograr:<\/p>\n<h2 style=\"text-align: center;\"><strong>Elige a Gtec como tu socio estrat\u00e9gico para la transformaci\u00f3n digital de tu empresa<\/strong><\/h2>\n<p style=\"text-align: center;\">Combinamos la experiencia t\u00e9cnica para entregarte una soluci\u00f3n integral. La modernizaci\u00f3n de aplicaciones con Gtec te ofrece soluciones nativas en la nube, optimizaci\u00f3n con microservicios y automatizaci\u00f3n de procesos para una TI que evoluciona contigo.&nbsp;<\/p>\n<h4 style=\"\">Conocimiento profundo<\/h4>\n<p style=\"\">Comprensi\u00f3n integral de tu empresa, desde la arquitectura hasta los procesos operativos.<\/p>\n<h4 style=\"\">Enfoque personalizado<\/h4>\n<p style=\"\">Adaptamos nuestras soluciones a las caracter\u00edsticas \u00fanicas que hacen especial a tu empresa.<\/p>\n<h4 style=\"\">Soluciones precisas<\/h4>\n<p style=\"\">Desarrollamos software que responde eficientemente a tus necesidades espec\u00edficas.<\/p>\n<h4 style=\"\">Compromiso total<\/h4>\n<p style=\"\">Nuestro equipo plenamente involucrado en el \u00e9xito y la modernizaci\u00f3n de su negocio.<\/p>\n<h4>Tiempo de desarrollo<\/h4>\n<p style=\"\">Implementamos soluciones r\u00e1pidamente gracias a la disponibilidad inmediata de nuestros expertos.<\/p>\n<h4 style=\"\">Calidad del producto<\/h4>\n<p style=\"\">Aseguramos productos excepcionales con el apoyo de nuestro equipo y las mejores pr\u00e1cticas de desarrollo.<\/p>\n<h2><strong>Principales Servicios<\/strong><\/h2>\n<p>Conoce c\u00f3mo la integraci\u00f3n de tecnolog\u00edas modernas y plataformas de datos unificadas con Gtec, redefine el \u00e9xito en diversos sectores y potencian tu competitividad en el mercado actual.<\/p>\n<h4>Servicio de consultor\u00eda<\/h4>\n<h4>Desarrollos a la medida<\/h4>\n<h4>Aplicaciones m\u00f3viles<\/h4>\n<h2 style=\"text-align: left;\">Inicia tu estrategia de modernizaci\u00f3n digital y descubre las ventajas de la infraestructura escalable.<\/h2>\n<p style=\"\">Resuelve tus dudas sobre gesti\u00f3n de aplicaciones en la nube y c\u00f3mo maximizar su eficiencia. Cont\u00e1ctanos para descubrir c\u00f3mo nuestra experiencia y personalizaci\u00f3n llevan a tu empresa al siguiente nivel.&nbsp;<\/p>\n<p>Preguntas Frecuentes&nbsp;<\/p>\n","protected":false},"excerpt":{"rendered":"<p>Modernizaci\u00f3n digital&nbsp;de aplicaciones Servicios a la medida&nbsp; Brindamos&nbsp;servicios especializados &nbsp;para potenciar tu transformaci\u00f3n digital. Inicia tu proyecto de modernizaci\u00f3n digital con Gtec Solicita una consulta sin compromiso En Gtec&nbsp; convertimos tu visi\u00f3n en aplicaciones digitales avanzadas y escalables. Con m\u00e1s de dos d\u00e9cadas de experiencia en desarrollo de software, nuestra metodolog\u00eda garantiza soluciones personalizadas que [&hellip;]<\/p>\n","protected":false},"author":1,"featured_media":0,"parent":0,"menu_order":0,"comment_status":"closed","ping_status":"closed","template":"","meta":{"footnotes":""},"class_list":["post-1002","page","type-page","status-publish","hentry","post-wrapper","thrv_wrapper"],"yoast_head":"<!-- This site is optimized with the Yoast SEO plugin v23.2 - https:\/\/yoast.com\/wordpress\/plugins\/seo\/ -->\n<title>Modernizaci\u00f3n Digital de Aplicaciones - Optimiza tu Software | Gtec<\/title>\n<meta name=\"description\" content=\"Moderniza y optimiza tus aplicaciones digitales con los servicios a la medida de Gtec. Mejoramos la eficiencia, escalabilidad y seguridad de tu software. Transformaci\u00f3n Digital a tu alcance. \u00a1Cont\u00e1ctanos hoy mismo!\" \/>\n<meta name=\"robots\" content=\"index, follow, max-snippet:-1, max-image-preview:large, max-video-preview:-1\" \/>\n<link rel=\"canonical\" href=\"https:\/\/gtec.com.mx\/index.php\/modernizacion-digital\/\" \/>\n<meta property=\"og:locale\" content=\"es_MX\" \/>\n<meta property=\"og:type\" content=\"article\" \/>\n<meta property=\"og:title\" content=\"Modernizaci\u00f3n Digital de Aplicaciones - Optimiza tu Software | Gtec\" \/>\n<meta property=\"og:description\" content=\"Moderniza y optimiza tus aplicaciones digitales con los servicios a la medida de Gtec. Mejoramos la eficiencia, escalabilidad y seguridad de tu software. Transformaci\u00f3n Digital a tu alcance. \u00a1Cont\u00e1ctanos hoy mismo!\" \/>\n<meta property=\"og:url\" content=\"https:\/\/gtec.com.mx\/index.php\/modernizacion-digital\/\" \/>\n<meta property=\"og:site_name\" content=\"Gtec Software S.C.\" \/>\n<meta property=\"article:modified_time\" content=\"2024-06-27T21:52:28+00:00\" \/>\n<meta property=\"og:image\" content=\"https:\/\/gtec.com.mx\/wp-content\/uploads\/2024\/03\/GTECLOGO1.png\" \/>\n<meta name=\"twitter:card\" content=\"summary_large_image\" \/>\n<meta name=\"twitter:label1\" content=\"Tiempo de lectura\" \/>\n\t<meta name=\"twitter:data1\" content=\"4 minutos\" \/>\n<script type=\"application\/ld+json\" class=\"yoast-schema-graph\">{\"@context\":\"https:\/\/schema.org\",\"@graph\":[{\"@type\":\"WebPage\",\"@id\":\"https:\/\/gtec.com.mx\/index.php\/modernizacion-digital\/\",\"url\":\"https:\/\/gtec.com.mx\/index.php\/modernizacion-digital\/\",\"name\":\"Modernizaci\u00f3n Digital de Aplicaciones - Optimiza tu Software | Gtec\",\"isPartOf\":{\"@id\":\"https:\/\/gtec.com.mx\/#website\"},\"primaryImageOfPage\":{\"@id\":\"https:\/\/gtec.com.mx\/index.php\/modernizacion-digital\/#primaryimage\"},\"image\":{\"@id\":\"https:\/\/gtec.com.mx\/index.php\/modernizacion-digital\/#primaryimage\"},\"thumbnailUrl\":\"https:\/\/gtec.com.mx\/wp-content\/uploads\/2024\/03\/GTECLOGO1.png\",\"datePublished\":\"2024-03-21T22:21:32+00:00\",\"dateModified\":\"2024-06-27T21:52:28+00:00\",\"description\":\"Moderniza y optimiza tus aplicaciones digitales con los servicios a la medida de Gtec. Mejoramos la eficiencia, escalabilidad y seguridad de tu software. Transformaci\u00f3n Digital a tu alcance. \u00a1Cont\u00e1ctanos hoy mismo!\",\"breadcrumb\":{\"@id\":\"https:\/\/gtec.com.mx\/index.php\/modernizacion-digital\/#breadcrumb\"},\"inLanguage\":\"es\",\"potentialAction\":[{\"@type\":\"ReadAction\",\"target\":[\"https:\/\/gtec.com.mx\/index.php\/modernizacion-digital\/\"]}]},{\"@type\":\"ImageObject\",\"inLanguage\":\"es\",\"@id\":\"https:\/\/gtec.com.mx\/index.php\/modernizacion-digital\/#primaryimage\",\"url\":\"https:\/\/gtec.com.mx\/wp-content\/uploads\/2024\/03\/GTECLOGO1.png\",\"contentUrl\":\"https:\/\/gtec.com.mx\/wp-content\/uploads\/2024\/03\/GTECLOGO1.png\",\"width\":1200,\"height\":382,\"caption\":\"Gtec_Logo_JPG\"},{\"@type\":\"BreadcrumbList\",\"@id\":\"https:\/\/gtec.com.mx\/index.php\/modernizacion-digital\/#breadcrumb\",\"itemListElement\":[{\"@type\":\"ListItem\",\"position\":1,\"name\":\"Home\",\"item\":\"https:\/\/gtec.com.mx\/\"},{\"@type\":\"ListItem\",\"position\":2,\"name\":\"Landing Modernizaci\u00f3n\"}]},{\"@type\":\"WebSite\",\"@id\":\"https:\/\/gtec.com.mx\/#website\",\"url\":\"https:\/\/gtec.com.mx\/\",\"name\":\"Gtec Software S.C.\",\"description\":\"Expertos en Tecnolog\u00edas de la Informaci\u00f3n\",\"potentialAction\":[{\"@type\":\"SearchAction\",\"target\":{\"@type\":\"EntryPoint\",\"urlTemplate\":\"https:\/\/gtec.com.mx\/?s={search_term_string}\"},\"query-input\":\"required name=search_term_string\"}],\"inLanguage\":\"es\"}]}<\/script>\n<!-- \/ Yoast SEO plugin. -->","yoast_head_json":{"title":"Modernizaci\u00f3n Digital de Aplicaciones - Optimiza tu Software | Gtec","description":"Moderniza y optimiza tus aplicaciones digitales con los servicios a la medida de Gtec. Mejoramos la eficiencia, escalabilidad y seguridad de tu software. Transformaci\u00f3n Digital a tu alcance. \u00a1Cont\u00e1ctanos hoy mismo!","robots":{"index":"index","follow":"follow","max-snippet":"max-snippet:-1","max-image-preview":"max-image-preview:large","max-video-preview":"max-video-preview:-1"},"canonical":"https:\/\/gtec.com.mx\/index.php\/modernizacion-digital\/","og_locale":"es_MX","og_type":"article","og_title":"Modernizaci\u00f3n Digital de Aplicaciones - Optimiza tu Software | Gtec","og_description":"Moderniza y optimiza tus aplicaciones digitales con los servicios a la medida de Gtec. Mejoramos la eficiencia, escalabilidad y seguridad de tu software. Transformaci\u00f3n Digital a tu alcance. \u00a1Cont\u00e1ctanos hoy mismo!","og_url":"https:\/\/gtec.com.mx\/index.php\/modernizacion-digital\/","og_site_name":"Gtec Software S.C.","article_modified_time":"2024-06-27T21:52:28+00:00","og_image":[{"url":"https:\/\/gtec.com.mx\/wp-content\/uploads\/2024\/03\/GTECLOGO1.png"}],"twitter_card":"summary_large_image","twitter_misc":{"Tiempo de lectura":"4 minutos"},"schema":{"@context":"https:\/\/schema.org","@graph":[{"@type":"WebPage","@id":"https:\/\/gtec.com.mx\/index.php\/modernizacion-digital\/","url":"https:\/\/gtec.com.mx\/index.php\/modernizacion-digital\/","name":"Modernizaci\u00f3n Digital de Aplicaciones - Optimiza tu Software | Gtec","isPartOf":{"@id":"https:\/\/gtec.com.mx\/#website"},"primaryImageOfPage":{"@id":"https:\/\/gtec.com.mx\/index.php\/modernizacion-digital\/#primaryimage"},"image":{"@id":"https:\/\/gtec.com.mx\/index.php\/modernizacion-digital\/#primaryimage"},"thumbnailUrl":"https:\/\/gtec.com.mx\/wp-content\/uploads\/2024\/03\/GTECLOGO1.png","datePublished":"2024-03-21T22:21:32+00:00","dateModified":"2024-06-27T21:52:28+00:00","description":"Moderniza y optimiza tus aplicaciones digitales con los servicios a la medida de Gtec. Mejoramos la eficiencia, escalabilidad y seguridad de tu software. Transformaci\u00f3n Digital a tu alcance. \u00a1Cont\u00e1ctanos hoy mismo!","breadcrumb":{"@id":"https:\/\/gtec.com.mx\/index.php\/modernizacion-digital\/#breadcrumb"},"inLanguage":"es","potentialAction":[{"@type":"ReadAction","target":["https:\/\/gtec.com.mx\/index.php\/modernizacion-digital\/"]}]},{"@type":"ImageObject","inLanguage":"es","@id":"https:\/\/gtec.com.mx\/index.php\/modernizacion-digital\/#primaryimage","url":"https:\/\/gtec.com.mx\/wp-content\/uploads\/2024\/03\/GTECLOGO1.png","contentUrl":"https:\/\/gtec.com.mx\/wp-content\/uploads\/2024\/03\/GTECLOGO1.png","width":1200,"height":382,"caption":"Gtec_Logo_JPG"},{"@type":"BreadcrumbList","@id":"https:\/\/gtec.com.mx\/index.php\/modernizacion-digital\/#breadcrumb","itemListElement":[{"@type":"ListItem","position":1,"name":"Home","item":"https:\/\/gtec.com.mx\/"},{"@type":"ListItem","position":2,"name":"Landing Modernizaci\u00f3n"}]},{"@type":"WebSite","@id":"https:\/\/gtec.com.mx\/#website","url":"https:\/\/gtec.com.mx\/","name":"Gtec Software S.C.","description":"Expertos en Tecnolog\u00edas de la Informaci\u00f3n","potentialAction":[{"@type":"SearchAction","target":{"@type":"EntryPoint","urlTemplate":"https:\/\/gtec.com.mx\/?s={search_term_string}"},"query-input":"required name=search_term_string"}],"inLanguage":"es"}]}},"_links":{"self":[{"href":"https:\/\/gtec.com.mx\/index.php\/wp-json\/wp\/v2\/pages\/1002","targetHints":{"allow":["GET"]}}],"collection":[{"href":"https:\/\/gtec.com.mx\/index.php\/wp-json\/wp\/v2\/pages"}],"about":[{"href":"https:\/\/gtec.com.mx\/index.php\/wp-json\/wp\/v2\/types\/page"}],"author":[{"embeddable":true,"href":"https:\/\/gtec.com.mx\/index.php\/wp-json\/wp\/v2\/users\/1"}],"replies":[{"embeddable":true,"href":"https:\/\/gtec.com.mx\/index.php\/wp-json\/wp\/v2\/comments?post=1002"}],"version-history":[{"count":66,"href":"https:\/\/gtec.com.mx\/index.php\/wp-json\/wp\/v2\/pages\/1002\/revisions"}],"predecessor-version":[{"id":1465,"href":"https:\/\/gtec.com.mx\/index.php\/wp-json\/wp\/v2\/pages\/1002\/revisions\/1465"}],"wp:attachment":[{"href":"https:\/\/gtec.com.mx\/index.php\/wp-json\/wp\/v2\/media?parent=1002"}],"curies":[{"name":"wp","href":"https:\/\/api.w.org\/{rel}","templated":true}]}}