{"id":866,"date":"2024-03-21T13:25:31","date_gmt":"2024-03-21T13:25:31","guid":{"rendered":"https:\/\/gtec.com.mx\/?page_id=866"},"modified":"2024-07-11T18:01:20","modified_gmt":"2024-07-11T18:01:20","slug":"google-workspace","status":"publish","type":"page","link":"https:\/\/gtec.com.mx\/index.php\/google-workspace\/","title":{"rendered":"Landing Workspace"},"content":{"rendered":"<p><span><a href=\"https:\/\/gtec.com.mx\/\"><img loading=\"lazy\" decoding=\"async\" alt=\"Gtec_Logo_JPG\" data-id=\"824\" width=\"227\" data-init-width=\"1200\" height=\"72\" data-init-height=\"382\" title=\"GTECLOGO1\" src=\"https:\/\/gtec.com.mx\/wp-content\/uploads\/2024\/03\/GTECLOGO1.png\" data-width=\"227\" data-height=\"72\" style=\"aspect-ratio: auto 1200 \/ 382;\" data-link-wrap=\"true\"><\/a><\/span><span><img decoding=\"async\" alt=\"\" data-id=\"957\" width=\"136\" data-init-width=\"136\" height=\"64\" data-init-height=\"64\" title=\"lema gtec\" loading=\"lazy\" src=\"https:\/\/gtec.com.mx\/wp-content\/uploads\/2024\/03\/gtec-slogan.png\" data-width=\"136\" data-height=\"64\" style=\"aspect-ratio: auto 136 \/ 64;\"><\/span><\/p>\n<h1 style=\"\"><strong>Google Workspace<\/strong><\/h1>\n<h1 style=\"\"><strong><span style=\"--tcb-text-highlight-color: var(--tcb-color-3) !important;\">con Gtec<\/span><\/strong><\/h1>\n<h1 style=\"\">Transforma el funcionamiento de tu empresa o negocio hoy.&nbsp;<\/h1>\n<p style=\"text-align: left;\">Gtec es un socio autorizado por Google para soluciones en la Nube. Contr\u00e1tanos y asegura el mejor servicio colaborativo y soporte continuo.<\/p>\n<p><span><img decoding=\"async\" alt=\"Google Partner_Gtec\" data-id=\"1311\" width=\"113\" data-init-width=\"724\" height=\"112\" data-init-height=\"720\" title=\"Google_Cloud_Partner_no_outline_vertical\" loading=\"lazy\" src=\"https:\/\/gtec.com.mx\/wp-content\/uploads\/2024\/06\/Google_Cloud_Partner_no_outline_vertical.png\" data-width=\"113\" data-height=\"112\" style=\"aspect-ratio: auto 724 \/ 720;\"><\/span><\/p>\n<h2 style=\"text-align: center;\"><strong><span>Contrata Google Workspace con Gtec hoy mismo&nbsp;<\/span><\/strong><\/h2>\n<\/p>\n<h2 style=\"text-align: center;\"><strong><span><span>Solicita una cotizaci\u00f3n<\/span><\/span><\/strong><\/h2>\n<p><span><img decoding=\"async\" alt=\"Google_Workspace_Gtec\" data-id=\"752\" width=\"266\" data-init-width=\"750\" height=\"34\" data-init-height=\"96\" title=\"Google_Workspace_750x96px_clr_lockup_Google_Product_624x96px_clr\" loading=\"lazy\" src=\"\/\/gtec.com.mx\/wp-content\/uploads\/2024\/03\/Google_Workspace_750x96px_clr_lockup_Google_Product_624x96px_clr.png\" data-width=\"266\" data-height=\"34\" style=\"aspect-ratio: auto 750 \/ 96;\"><\/span><\/p>\n<h2 style=\"text-align: left;\"><strong><span style=\"color: var(--tcb-color-4) !important;\"><span style=\"--tcb-applied-color: var$(--tcb-color-4) !important;\">Maximiza tu potencial <\/span><span style=\"--tcb-applied-color: var$(--tcb-color-4) !important;\">&nbsp;<\/span><\/span><span style=\"color: var(--tcb-color-1) !important;\"><span style=\"--tcb-applied-color: var$(--tcb-color-1) !important;\">empresarial con Google Workspace<\/span><\/span><span style=\"color: rgb(34, 34, 34);\"><\/span><span><span><\/span><\/span><span style=\"color: rgb(96, 46, 255) !important;\"><span style=\"--tcb-applied-color: rgb(96, 46, 255) !important;\"> <\/span><\/span><\/strong><\/h2>\n<p style=\"text-align: left;\">Google Workspace impulsa la productividad y la colaboraci\u00f3n en tu empresa. Desde una comunicaci\u00f3n m\u00e1s sencilla hasta una gesti\u00f3n m\u00e1s eficiente de proyectos, descubre la soluci\u00f3n perfecta para un entorno de trabajo moderno y eficiente, con Gtec lo hacemos realidad.<\/p>\n<p><span><img decoding=\"async\" alt=\"Google-Workspace-Herramientas\" data-id=\"872\" width=\"465\" data-init-width=\"704\" height=\"100\" data-init-height=\"152\" title=\"icono_HeroLineup_rgb (2)\" loading=\"lazy\" src=\"\/\/gtec.com.mx\/wp-content\/uploads\/2024\/03\/icon_HeroLineup_rgb-2.png\" data-width=\"465\" data-height=\"100\" style=\"aspect-ratio: auto 704 \/ 152;\"><\/span><\/p>\n<h2 style=\"text-align: center;\"><strong>Beneficios de Workspace para tu negocio<\/strong>&nbsp;<\/h2>\n<h4>Colaboraci\u00f3n Mejorada<\/h4>\n<p style=\"\">Herramientas integradas para trabajar en documentos, hojas de c\u00e1lculo y presentaciones en tiempo real.<\/p>\n<h4>Comunicaci\u00f3n Eficiente<\/h4>\n<p style=\"\">Gmail, Chat y Google Meet facilitan la comunicaci\u00f3n interna y externa.<\/p>\n<h4>Almacenamiento en la Nube<\/h4>\n<p style=\"\">Drive ofrece almacenamiento seguro y accesible desde cualquier dispositivo.<\/p>\n<h4>Gesti\u00f3n Simplificada<\/h4>\n<p style=\"\">La Consola de Administraci\u00f3n permite gestionar usuarios y configuraciones de seguridad f\u00e1cilmente.<\/p>\n<h4>Costo &#8211; Efectividad<\/h4>\n<p style=\"\">Planes flexibles que se adaptan a las necesidades y presupuesto de las empresas.<\/p>\n<h4>Acceso Seguro<\/h4>\n<p style=\"\">Crea un entorno de trabajo digital confiable y seguro para todos los usuarios.<\/p>\n<h3 style=\"text-align: center;\"><strong>Elige a Gtec como tu aliado para integrar Google Workspace en tu empresa y disfruta de:<\/strong><\/h3>\n<h4 style=\"text-align: center;\">Implementaci\u00f3n por expertos y socios certificados<\/h4>\n<h4 style=\"text-align: center;\">Soluciones adaptadas a tus objetivos empresariales<\/h4>\n<h4 style=\"text-align: center;\">Soporte t\u00e9cnico continuo y<\/h4>\n<h4 style=\"text-align: center;\">personalizado<\/h4>\n<h2 style=\"text-align: center;\"><strong><span style=\"color: var(--tcb-color-1) !important;\"><span style=\"--tcb-applied-color: var$(--tcb-color-1) !important;\"> <\/span><\/span><\/strong><strong><span style=\"color: var(--tcb-color-1) !important; --tcb-applied-color: var$(--tcb-color-1) !important;\">&nbsp;Contrata <\/span><span style=\"color: var(--tcb-color-4) !important; --tcb-applied-color: var$(--tcb-color-4) !important;\">Google Workspace a trav\u00e9s de Gtec <\/span><span style=\"color: var(--tcb-color-1) !important; --tcb-applied-color: var$(--tcb-color-1) !important;\">y mejora la colaboraci\u00f3n y eficiencia de tu negocio&nbsp;<\/span><\/strong><\/h2>\n<p style=\"text-align: center;\"><strong>Gtec como un GCP, se compromete a ofrecerte soluciones de vanguardia adaptadas a las necesidades de tu modelo de negocio&nbsp;<\/strong><\/p>\n<h3 style=\"text-align: center;\">Como partners certificados de Google <b>,&nbsp;<\/b> Gtec ofrece programas de formaci\u00f3n para equipos, maximizando el aprovechamiento de todas las herramientas y funciones de Google Workspace.<\/h3>\n<h3 style=\"text-align: center;\">SOLICITA INFORMACI\u00d3N PARA UN WEBINAR GRATUITO<\/h3>\n","protected":false},"excerpt":{"rendered":"<p>Google Workspace con Gtec Transforma el funcionamiento de tu empresa o negocio hoy.&nbsp; Gtec es un socio autorizado por Google para soluciones en la Nube. Contr\u00e1tanos y asegura el mejor servicio colaborativo y soporte continuo. Contrata Google Workspace con Gtec hoy mismo&nbsp; Solicita una cotizaci\u00f3n Maximiza tu potencial &nbsp;empresarial con Google Workspace Google Workspace impulsa [&hellip;]<\/p>\n","protected":false},"author":1,"featured_media":0,"parent":0,"menu_order":0,"comment_status":"closed","ping_status":"closed","template":"","meta":{"footnotes":""},"class_list":["post-866","page","type-page","status-publish","hentry","post-wrapper","thrv_wrapper"],"yoast_head":"<!-- This site is optimized with the Yoast SEO plugin v23.2 - https:\/\/yoast.com\/wordpress\/plugins\/seo\/ -->\n<title>Google Workspace - Implementaci\u00f3n y Soporte Profesional | Gtec<\/title>\n<meta name=\"description\" content=\"Optimiza la colaboraci\u00f3n y productividad de tu empresa con Google Workspace. Gtec ofrece implementaci\u00f3n y soporte especializado. \u00a1Descubre m\u00e1s!\" \/>\n<meta name=\"robots\" content=\"index, follow, max-snippet:-1, max-image-preview:large, max-video-preview:-1\" \/>\n<link rel=\"canonical\" href=\"https:\/\/gtec.com.mx\/index.php\/google-workspace\/\" \/>\n<meta property=\"og:locale\" content=\"es_MX\" \/>\n<meta property=\"og:type\" content=\"article\" \/>\n<meta property=\"og:title\" content=\"Google Workspace - Implementaci\u00f3n y Soporte Profesional | Gtec\" \/>\n<meta property=\"og:description\" content=\"Optimiza la colaboraci\u00f3n y productividad de tu empresa con Google Workspace. Gtec ofrece implementaci\u00f3n y soporte especializado. \u00a1Descubre m\u00e1s!\" \/>\n<meta property=\"og:url\" content=\"https:\/\/gtec.com.mx\/index.php\/google-workspace\/\" \/>\n<meta property=\"og:site_name\" content=\"Gtec Software S.C.\" \/>\n<meta property=\"article:modified_time\" content=\"2024-07-11T18:01:20+00:00\" \/>\n<meta property=\"og:image\" content=\"https:\/\/gtec.com.mx\/wp-content\/uploads\/2024\/03\/GTECLOGO1.png\" \/>\n<meta name=\"twitter:card\" content=\"summary_large_image\" \/>\n<meta name=\"twitter:label1\" content=\"Tiempo de lectura\" \/>\n\t<meta name=\"twitter:data1\" content=\"3 minutos\" \/>\n<script type=\"application\/ld+json\" class=\"yoast-schema-graph\">{\"@context\":\"https:\/\/schema.org\",\"@graph\":[{\"@type\":\"WebPage\",\"@id\":\"https:\/\/gtec.com.mx\/index.php\/google-workspace\/\",\"url\":\"https:\/\/gtec.com.mx\/index.php\/google-workspace\/\",\"name\":\"Google Workspace - Implementaci\u00f3n y Soporte Profesional | Gtec\",\"isPartOf\":{\"@id\":\"https:\/\/gtec.com.mx\/#website\"},\"primaryImageOfPage\":{\"@id\":\"https:\/\/gtec.com.mx\/index.php\/google-workspace\/#primaryimage\"},\"image\":{\"@id\":\"https:\/\/gtec.com.mx\/index.php\/google-workspace\/#primaryimage\"},\"thumbnailUrl\":\"https:\/\/gtec.com.mx\/wp-content\/uploads\/2024\/03\/GTECLOGO1.png\",\"datePublished\":\"2024-03-21T13:25:31+00:00\",\"dateModified\":\"2024-07-11T18:01:20+00:00\",\"description\":\"Optimiza la colaboraci\u00f3n y productividad de tu empresa con Google Workspace. Gtec ofrece implementaci\u00f3n y soporte especializado. \u00a1Descubre m\u00e1s!\",\"breadcrumb\":{\"@id\":\"https:\/\/gtec.com.mx\/index.php\/google-workspace\/#breadcrumb\"},\"inLanguage\":\"es\",\"potentialAction\":[{\"@type\":\"ReadAction\",\"target\":[\"https:\/\/gtec.com.mx\/index.php\/google-workspace\/\"]}]},{\"@type\":\"ImageObject\",\"inLanguage\":\"es\",\"@id\":\"https:\/\/gtec.com.mx\/index.php\/google-workspace\/#primaryimage\",\"url\":\"https:\/\/gtec.com.mx\/wp-content\/uploads\/2024\/03\/GTECLOGO1.png\",\"contentUrl\":\"https:\/\/gtec.com.mx\/wp-content\/uploads\/2024\/03\/GTECLOGO1.png\",\"width\":1200,\"height\":382,\"caption\":\"Gtec_Logo_JPG\"},{\"@type\":\"BreadcrumbList\",\"@id\":\"https:\/\/gtec.com.mx\/index.php\/google-workspace\/#breadcrumb\",\"itemListElement\":[{\"@type\":\"ListItem\",\"position\":1,\"name\":\"Home\",\"item\":\"https:\/\/gtec.com.mx\/\"},{\"@type\":\"ListItem\",\"position\":2,\"name\":\"Landing Workspace\"}]},{\"@type\":\"WebSite\",\"@id\":\"https:\/\/gtec.com.mx\/#website\",\"url\":\"https:\/\/gtec.com.mx\/\",\"name\":\"Gtec Software S.C.\",\"description\":\"Expertos en Tecnolog\u00edas de la Informaci\u00f3n\",\"potentialAction\":[{\"@type\":\"SearchAction\",\"target\":{\"@type\":\"EntryPoint\",\"urlTemplate\":\"https:\/\/gtec.com.mx\/?s={search_term_string}\"},\"query-input\":\"required name=search_term_string\"}],\"inLanguage\":\"es\"}]}<\/script>\n<!-- \/ Yoast SEO plugin. -->","yoast_head_json":{"title":"Google Workspace - Implementaci\u00f3n y Soporte Profesional | Gtec","description":"Optimiza la colaboraci\u00f3n y productividad de tu empresa con Google Workspace. Gtec ofrece implementaci\u00f3n y soporte especializado. \u00a1Descubre m\u00e1s!","robots":{"index":"index","follow":"follow","max-snippet":"max-snippet:-1","max-image-preview":"max-image-preview:large","max-video-preview":"max-video-preview:-1"},"canonical":"https:\/\/gtec.com.mx\/index.php\/google-workspace\/","og_locale":"es_MX","og_type":"article","og_title":"Google Workspace - Implementaci\u00f3n y Soporte Profesional | Gtec","og_description":"Optimiza la colaboraci\u00f3n y productividad de tu empresa con Google Workspace. Gtec ofrece implementaci\u00f3n y soporte especializado. \u00a1Descubre m\u00e1s!","og_url":"https:\/\/gtec.com.mx\/index.php\/google-workspace\/","og_site_name":"Gtec Software S.C.","article_modified_time":"2024-07-11T18:01:20+00:00","og_image":[{"url":"https:\/\/gtec.com.mx\/wp-content\/uploads\/2024\/03\/GTECLOGO1.png"}],"twitter_card":"summary_large_image","twitter_misc":{"Tiempo de lectura":"3 minutos"},"schema":{"@context":"https:\/\/schema.org","@graph":[{"@type":"WebPage","@id":"https:\/\/gtec.com.mx\/index.php\/google-workspace\/","url":"https:\/\/gtec.com.mx\/index.php\/google-workspace\/","name":"Google Workspace - Implementaci\u00f3n y Soporte Profesional | Gtec","isPartOf":{"@id":"https:\/\/gtec.com.mx\/#website"},"primaryImageOfPage":{"@id":"https:\/\/gtec.com.mx\/index.php\/google-workspace\/#primaryimage"},"image":{"@id":"https:\/\/gtec.com.mx\/index.php\/google-workspace\/#primaryimage"},"thumbnailUrl":"https:\/\/gtec.com.mx\/wp-content\/uploads\/2024\/03\/GTECLOGO1.png","datePublished":"2024-03-21T13:25:31+00:00","dateModified":"2024-07-11T18:01:20+00:00","description":"Optimiza la colaboraci\u00f3n y productividad de tu empresa con Google Workspace. Gtec ofrece implementaci\u00f3n y soporte especializado. \u00a1Descubre m\u00e1s!","breadcrumb":{"@id":"https:\/\/gtec.com.mx\/index.php\/google-workspace\/#breadcrumb"},"inLanguage":"es","potentialAction":[{"@type":"ReadAction","target":["https:\/\/gtec.com.mx\/index.php\/google-workspace\/"]}]},{"@type":"ImageObject","inLanguage":"es","@id":"https:\/\/gtec.com.mx\/index.php\/google-workspace\/#primaryimage","url":"https:\/\/gtec.com.mx\/wp-content\/uploads\/2024\/03\/GTECLOGO1.png","contentUrl":"https:\/\/gtec.com.mx\/wp-content\/uploads\/2024\/03\/GTECLOGO1.png","width":1200,"height":382,"caption":"Gtec_Logo_JPG"},{"@type":"BreadcrumbList","@id":"https:\/\/gtec.com.mx\/index.php\/google-workspace\/#breadcrumb","itemListElement":[{"@type":"ListItem","position":1,"name":"Home","item":"https:\/\/gtec.com.mx\/"},{"@type":"ListItem","position":2,"name":"Landing Workspace"}]},{"@type":"WebSite","@id":"https:\/\/gtec.com.mx\/#website","url":"https:\/\/gtec.com.mx\/","name":"Gtec Software S.C.","description":"Expertos en Tecnolog\u00edas de la Informaci\u00f3n","potentialAction":[{"@type":"SearchAction","target":{"@type":"EntryPoint","urlTemplate":"https:\/\/gtec.com.mx\/?s={search_term_string}"},"query-input":"required name=search_term_string"}],"inLanguage":"es"}]}},"_links":{"self":[{"href":"https:\/\/gtec.com.mx\/index.php\/wp-json\/wp\/v2\/pages\/866","targetHints":{"allow":["GET"]}}],"collection":[{"href":"https:\/\/gtec.com.mx\/index.php\/wp-json\/wp\/v2\/pages"}],"about":[{"href":"https:\/\/gtec.com.mx\/index.php\/wp-json\/wp\/v2\/types\/page"}],"author":[{"embeddable":true,"href":"https:\/\/gtec.com.mx\/index.php\/wp-json\/wp\/v2\/users\/1"}],"replies":[{"embeddable":true,"href":"https:\/\/gtec.com.mx\/index.php\/wp-json\/wp\/v2\/comments?post=866"}],"version-history":[{"count":46,"href":"https:\/\/gtec.com.mx\/index.php\/wp-json\/wp\/v2\/pages\/866\/revisions"}],"predecessor-version":[{"id":1513,"href":"https:\/\/gtec.com.mx\/index.php\/wp-json\/wp\/v2\/pages\/866\/revisions\/1513"}],"wp:attachment":[{"href":"https:\/\/gtec.com.mx\/index.php\/wp-json\/wp\/v2\/media?parent=866"}],"curies":[{"name":"wp","href":"https:\/\/api.w.org\/{rel}","templated":true}]}}